{"id":8,"date":"2022-07-18T10:11:37","date_gmt":"2022-07-18T08:11:37","guid":{"rendered":"https:\/\/rebirthenergy.it\/servizi\/mesmerize-pro\/"},"modified":"2022-09-23T10:50:28","modified_gmt":"2022-09-23T08:50:28","slug":"mesmerize-pro","status":"publish","type":"page","link":"https:\/\/rebirthenergy.it\/servizi\/","title":{"rendered":"Home"},"content":{"rendered":"<div  id=\"overlappable-4\" style=\"background-image: none; background-color: rgba(255, 255, 255, 0);\" data-label=\"Overlappable\" data-id=\"overlappable-4\" data-export-id=\"overlappable-4\" data-category=\"overlappable\" class=\"overlappable-4 content-section content-section-spacing content-relative\" data-overlap=\"true\"><div  class=\"gridContainer\"> <div  data-type=\"row\" class=\"row spaced-cols text-center\">  <div  class=\"col-xs-12 col-sm-4 col-padding\">  <div  data-type=\"column\" class=\"\"><h5  class=\"\"><\/h5> <p  class=\"\"><\/p><\/div> <\/div><\/div> <\/div><\/div><div  data-label=\"About\" data-id=\"about--1\" data-export-id=\"about-9\" data-category=\"about\" class=\"about-9 content-section content-section-spacing\" id=\"about-1\" style=\"background-color: rgb(245, 250, 253);\"><div  class=\"gridContainer\"> <div  class=\"row middle-sm text-center\"><div  class=\"col-sm-5 space-bottom-xs content-column content-center-sm\" data-type=\"column\">  <h2  class=\"\" style=\"text-align: center;\">La nostra consulenza \u00e8 creata<br > <span  style=\"font-family: Playfair Display,sans-serif; font-weight: 700; font-style: italic;\" href=\"#\">su misura per te,<span  style=\"font-family: Muli, arial, helvetica, sans-serif; font-weight: 600;\">mettendo in primo piano<\/span> i tuoi bisogni e le tue esigenze<\/span>&nbsp;<\/h2> <p  class=\"\" style=\"text-align: center;\">La Rebirth Energy Solution \u00e8 una societ\u00e0 di Consulenza Energetica rivolta agli Amministratori di Condominio. Grazie al nostro team di professionisti qualificati e competenti affianchiamo gli studi di Amministrazione Condominiale in una gestione evoluta dei propri clienti!<\/p> <a class=\"button color1\" href=\"\/\/rebirthenergy.it\" target=\"_self\" data-cp-link=\"1\" data-icon=\"\" rel=\"noopener\">SCOPRI DI PI\u00d9<\/a><\/div> <div  class=\"col-sm-7 flexbox flexbox middle-xs center-xs space-bottom-xs\"><div  class=\"overlay-box flexbox middle-xs center-xs overlay-holder \"> <div  class=\"overlay-box-offset offset-background shadow-medium bg-color2 hide-xs\"><\/div> <img decoding=\"async\"  class=\"flexbox shadow-large img1\" src=\"https:\/\/rebirthenergy.it\/servizi\/wp-content\/uploads\/2022\/07\/cropped-Copia-di-POST-FACEBOOK-FRASE-4-1.png\" data-size=\"600x400\" title=\"cropped-Copia-di-POST-FACEBOOK-FRASE-4-1.png\" alt=\"\"><\/div> <\/div><\/div> <\/div><\/div><div  data-label=\"Features\" data-id=\"features--1\" data-export-id=\"features-13-card\" data-category=\"features\" class=\"features-13 content-section content-section-spacing\" id=\"features-4\" style=\"background-color: rgb(245, 250, 253);\"><div  class=\"gridContainer\"> <div  class=\"row text-center\"><div  class=\"section-title-col\" data-type=\"column\"> <h2  class=\"\">I nostri <span  style=\"font-family: &quot;Playfair Display&quot;, arial, helvetica, sans-serif;\">servizi<\/span><\/h2> <p  class=\"lead\">Abbiamo strutturato dei <span  style=\"font-weight: 600; font-style: italic;\">servizi dedicati esclusivamente ai cond\u00f2mini<\/span> con un consulente sempre al vostro fianco, proponendoti soluzioni ad hoc per i tuoi bisogni.<\/p><\/div> <\/div> <div  class=\"row spaced-cols content-center-sm center-sm\" data-type=\"row\"> <div  class=\" col-sm-6 col-md-3\"> <div  class=\"card\" data-type=\"column\">  <img decoding=\"async\"  class=\"custom-image\" src=\"https:\/\/rebirthenergy.it\/servizi\/wp-content\/uploads\/2022\/07\/Green-Minimalist-Online-Shop-Logo-Icon-2.png\" title=\"Icona del logo del negozio online minimalista verde (2)\" alt=\"\"><h4  class=\"\" style=\"text-align: left;\"><span  id=\"_mce_caret\" data-mce-bogus=\"1\" data-mce-type=\"format-caret\"><span  style=\"font-weight: 600;\"><font  face=\"Muli, arial, helvetica, sans-serif\">EFFICIENTAMENTO ENERGETICO<\/font><\/span><\/span><span  id=\"_mce_caret\" data-mce-bogus=\"1\" data-mce-type=\"format-caret\">\ufeff<\/span><\/h4> <p  class=\"\" style=\"text-align: left;\">Insieme a noi puoi intraprendere un percorso di efficienza energetica.&nbsp;<\/p> <a class=\"button y-move small force-shadow color2\" href=\"https:\/\/rebirthenergy.it\/servizi\/efficientamento-energetico\" target=\"_self\" data-cp-link=\"1\" data-icon=\"\" rel=\"noopener\">SCOPRI DI PI\u00d9<\/a><\/div> <\/div> <div  class=\" col-sm-6 col-md-3\"> <div  class=\"card\" data-type=\"column\">  <img decoding=\"async\"  class=\"custom-image\" src=\"https:\/\/rebirthenergy.it\/servizi\/wp-content\/uploads\/2022\/07\/ICONE-PER-SITO.png\" title=\"ICONE PER SITO\" alt=\"\"><h4  class=\"\">LE MIGLIORI OFFERTE LUCE E GAS<span  id=\"_mce_caret\" data-mce-bogus=\"1\" data-mce-type=\"format-caret\"><span  style=\"font-weight: 600;\">\ufeff<\/span><\/span><\/h4> <p  class=\"\">Un consulente professionista del settore dedicato a te per l\u2019intero servizio, capace di seguirti nella scelta della giusta fornitura energetica, e di risolvere qualsiasi problema che si possa verificare.<\/p> <a class=\"button y-move small color2\" href=\"https:\/\/rebirthenergy.it\/servizi\/offerte-luce-e-gas\" target=\"_self\" data-cp-link=\"1\" data-icon=\"\" rel=\"noopener\">SCOPRI DI PI\u00d9<\/a><\/div> <\/div> <div  class=\" col-sm-6 col-md-3\"> <div  class=\"card\" data-type=\"column\">  <img decoding=\"async\"  class=\"custom-image\" src=\"https:\/\/rebirthenergy.it\/servizi\/wp-content\/uploads\/2022\/07\/Green-Minimalist-Online-Shop-Logo-Icon-7.png\" title=\"Icona del logo del negozio online minimalista verde (7)\" alt=\"\"><h4  class=\"\">NOLEGGIO A LUNGO TERMINE<\/h4> <p  class=\"\">Offriamo servizi di noleggio a lungo termine anche anticipo zero. Noleggio auto per privati, partite IVA e aziende. Scopri rate, vantaggi e tutte le offerte.&nbsp;<\/p> <a class=\"button y-move small color2\" href=\"https:\/\/rebirthenergy.it\/servizi\/noleggio-a-lungo-termine\" target=\"_self\" data-cp-link=\"1\" data-icon=\"\" rel=\"noopener\">SCOPRI DI PI\u00d9<\/a><\/div> <\/div> <\/div> <\/div><\/div><div  data-label=\"Features\" data-id=\"features--2\" data-export-id=\"features-13-card-bordered\" data-category=\"features\" class=\"features-13 content-section content-section-spacing\" id=\"features-5\" style=\"background-color: rgb(245, 250, 253);\"><div  class=\"gridContainer\"> <div  class=\"row text-center\"><div  class=\"section-title-col\" data-type=\"column\">  <\/div> <\/div> <div  class=\"row spaced-cols content-center-sm center-sm\" data-type=\"row\">  <div  class=\"col-sm-4\"> <div  class=\"card bordered y-move\" data-type=\"column\"> <img decoding=\"async\"  class=\"custom-image\" src=\"https:\/\/rebirthenergy.it\/servizi\/wp-content\/uploads\/2022\/07\/ICONE-PER-SITO-2.png\" title=\"ICONE PER SITO (2)\" alt=\"\"><h4  class=\"\">MODELLO 730<\/h4>  <p  class=\"\">I lavoratori dipendenti e i pensionati (in possesso di determinati redditi) possono presentare la dichiarazione dei redditi con il modello 730 (precompilato o ordinario).<\/p> <a class=\"button y-move small color2\" href=\"https:\/\/rebirthenergy.it\/servizi\/modello-730\" target=\"_self\" data-cp-link=\"1\" data-icon=\"\" rel=\"noopener\">SCOPRI DI PI\u00d9<\/a><\/div> <\/div> <div  class=\"col-sm-4\"> <div  class=\"card bordered y-move\" data-type=\"column\">   <img decoding=\"async\"  class=\"custom-image\" src=\"https:\/\/rebirthenergy.it\/servizi\/wp-content\/uploads\/2022\/07\/ICONE-PER-SITO-12.png\" title=\"ICONE PER SITO (12)\" alt=\"\"><h4  class=\"\">OFFERTE TELEFONICHE PER LA TUA CASA&nbsp;<\/h4><p  class=\"\">Le migliori offerte degli operatori telefonici sono personalizzabili e con contratti telefonici sempre pi\u00f9 economici, in modo da andare incontro alle esigenze di risparmio degli utenti.<\/p> <a class=\"button y-move small color2\" href=\"https:\/\/rebirthenergy.it\/servizi\/le-migliore-offerte-di-telefonia\" target=\"_self\" data-cp-link=\"1\" data-icon=\"\" rel=\"noopener\">SCOPRI DI PI\u00d9<\/a><\/div> <\/div><\/div> <\/div><\/div><div  data-label=\"Content\" data-id=\"content--1\" data-export-id=\"content-16\" data-category=\"content\" class=\"content-16 content-section content-section-spacing\" id=\"content-1\" style=\"background-color: rgb(245, 250, 253);\"><div  class=\"gridContainer\"> <div  class=\"row middle-sm\"><div  class=\"col-sm-6 space-bottom-xs\" data-type=\"column\"> <h2  class=\"\">Per ogni <span  style=\"font-family: &quot;Playfair Display&quot;, arial, helvetica, sans-serif; font-style: italic;\">servizio richiesto<\/span> riceverai subito un <span  style=\"font-family: &quot;Playfair Display&quot;, arial, helvetica, sans-serif; font-style: italic;\">buono Amazon<\/span> da spendere quando vorrai<\/h2>  <a class=\"button force-shadow color2\" href=\"https:\/\/wa.me\/message\/UEW6ZIKYCTZOF1\" target=\"_self\" data-cp-link=\"1\" data-icon=\"\" rel=\"noopener\">RICHIEDI IL TUO SERVIZIO<\/a><\/div> <div  class=\"col-sm-6 flexbox around-xs top-xs space-top-xs space-bottom-xs\"><div  class=\"overlay-box flexbox middle-xs center-xs overlay-holder\"> <div  class=\"overlay-box-offset offset-border shadow-medium border-color2 hide-xs\"><\/div> <img decoding=\"async\"  class=\"flexbox shadow-large img1\" data-size=\"500x500\" src=\"https:\/\/rebirthenergy.it\/servizi\/wp-content\/uploads\/2022\/07\/images-4.png\" title=\"immagini (4)\" alt=\"\"><\/div> <\/div><\/div> <\/div><\/div><div  data-label=\"Contact\" data-id=\"contact--1\" data-export-id=\"contact-6\" data-category=\"contact\" class=\"contact-5 content-section content-section-spacing\" id=\"contact-1\" style=\"background-color: rgb(255, 255, 255);\"><div  class=\"gridContainer\"> <div  class=\"row text-center\"><div  class=\"section-title-col\" data-type=\"column\"> <h2  class=\"\">I nostri contatti<\/h2> <p  class=\"lead\">Hai bisogno d\u2019informazioni o chiarimenti?<br >\nContattarci \u00e8 molto semplice: scrivici o chiamaci direttamente ai numeri sotto indicati.<\/p><\/div> <\/div> <div  class=\"row middle-sm\"> <div  class=\"col-xs-12 col-sm-6 image-holder space-bottom-xs\"> <div  data-content-shortcode=\"mesmerize_maps address=&quot;Strada Torino 43 Orbassano (TO)&quot; zoom=&quot;65&quot;\" data-editable=\"true\" class=\"shadow-medium\">        <div class=\"mesmerize-google-maps\" style=\"width:100%\">\n            <iframe style=\"width:100%; height:100%;min-height:inherit;display:block;\" src=\"https:\/\/maps.google.com\/maps?q=Strada%20Torino%2043%20Orbassano%20(TO)&#038;z=14&#038;output=embed&#038;iwloc=near\"><\/iframe>\n        <\/div>\n    <\/div><\/div> <div  class=\"col-xs-12 col-sm-6\"><div  class=\"row middle-sm\"> <div  data-type=\"column\" class=\"col-xs-12 space-bottom-small\"><h3  class=\"color1\">Mettiti in contatto con noi<\/h3><\/div> <\/div> <div  class=\"row middle-sm\" data-type=\"row\"> <div  class=\"col-xs-12 space-bottom-small\"> <div  class=\"row\"> <div  data-type=\"column\" class=\"col-xs-12 col-sm-fit label-col\"> <h5  class=\"\">Indirizzo:<\/h5><\/div> <div  data-type=\"column\" class=\"col-xs-12 col-sm\"><p  class=\"\">Strada Torino 43 Orbassano (TO)<\/p><\/div> <\/div><\/div> <div  class=\"col-xs-12 space-bottom-small\"><div  class=\"row\"> <div  data-type=\"column\" class=\"col-xs-12 col-sm-fit label-col\"><h5  class=\"\">Telefono:<\/h5><\/div> <div  data-type=\"column\" class=\"col-xs-12 col-sm\"><p  class=\"\"><a data-mce-href=\"https:\/\/wa.me\/message\/UEW6ZIKYCTZOF1\" href=\"https:\/\/wa.me\/message\/UEW6ZIKYCTZOF1\" target=\"_self\" data-mce-selected=\"inline-boundary\" data-cp-link=\"1\" rel=\"noopener\" class=\"\">+39 3515396843&nbsp;<\/a><\/p><\/div> <\/div><\/div> <div  class=\"col-xs-12 space-bottom-small\"><div  class=\"row\"> <div  data-type=\"column\" class=\"col-xs-12 col-sm-fit label-col\"><h5  class=\"\"><\/h5><\/div> <div  data-type=\"column\" class=\"col-xs-12 col-sm\"><a href=\"mailto:\" class=\"\" target=\"_self\" data-cp-link=\"1\" rel=\"noopener\">info@rebirthenergy.it<\/a><\/div> <\/div><\/div> <div  class=\"col-xs-12 space-bottom-small\"><div  class=\"row\"> <div  data-type=\"column\" class=\"col-xs-12 col-sm-fit label-col\"><h5  class=\"\"><\/h5><\/div> <div  data-type=\"column\" class=\"col-xs-12 col-sm\"><div  data-type=\"group\" class=\"\"> <a href=\"\/\/www.linkedin.com\/company\/rebirthenergysolution\" target=\"_self\" rel=\"noopener\" class=\"\"><i  class=\"fa icon fa-linkedin-square color1\"><\/i><\/a> <a href=\"\/\/www.facebook.com\/RebirthEnergySolution\" target=\"_self\" rel=\"noopener\" class=\"\"><i  class=\"fa icon fa-facebook-square color1\"><\/i><\/a> <a href=\"https:\/\/www.instagram.com\/rebirth_energy_solution\" target=\"_self\" rel=\"noopener\" class=\"\"><i  class=\"fa icon fa-instagram color1\"><\/i><\/a> <a href=\"#\" target=\"_self\" data-reiki-hidden=\"true\" rel=\"noopener\"><i  class=\"fa icon fa-rss color1\"><\/i><\/a><\/div> <\/div><\/div> <\/div><\/div> <\/div><\/div> <\/div><\/div>","protected":false},"excerpt":{"rendered":"<p>La nostra consulenza \u00e8 creata su misura per te,mettendo in primo piano i tuoi bisogni e le tue esigenze&nbsp; La Rebirth Energy Solution \u00e8 una societ\u00e0 di Consulenza Energetica rivolta agli Amministratori di Condominio. Grazie al nostro team di professionisti qualificati e competenti affianchiamo gli studi di Amministrazione Condominiale in una gestione evoluta dei propri&hellip; <br \/> <a class=\"read-more\" href=\"https:\/\/rebirthenergy.it\/servizi\/\">Read more<\/a><\/p>\n","protected":false},"author":1,"featured_media":0,"parent":0,"menu_order":0,"comment_status":"closed","ping_status":"closed","template":"page-templates\/homepage.php","meta":{"footnotes":""},"class_list":["post-8","page","type-page","status-publish","hentry"],"_links":{"self":[{"href":"https:\/\/rebirthenergy.it\/servizi\/wp-json\/wp\/v2\/pages\/8","targetHints":{"allow":["GET"]}}],"collection":[{"href":"https:\/\/rebirthenergy.it\/servizi\/wp-json\/wp\/v2\/pages"}],"about":[{"href":"https:\/\/rebirthenergy.it\/servizi\/wp-json\/wp\/v2\/types\/page"}],"author":[{"embeddable":true,"href":"https:\/\/rebirthenergy.it\/servizi\/wp-json\/wp\/v2\/users\/1"}],"replies":[{"embeddable":true,"href":"https:\/\/rebirthenergy.it\/servizi\/wp-json\/wp\/v2\/comments?post=8"}],"version-history":[{"count":46,"href":"https:\/\/rebirthenergy.it\/servizi\/wp-json\/wp\/v2\/pages\/8\/revisions"}],"predecessor-version":[{"id":291,"href":"https:\/\/rebirthenergy.it\/servizi\/wp-json\/wp\/v2\/pages\/8\/revisions\/291"}],"wp:attachment":[{"href":"https:\/\/rebirthenergy.it\/servizi\/wp-json\/wp\/v2\/media?parent=8"}],"curies":[{"name":"wp","href":"https:\/\/api.w.org\/{rel}","templated":true}]}}